{"id":7262,"date":"2025-04-08T21:03:14","date_gmt":"2025-04-08T21:03:14","guid":{"rendered":"https:\/\/sassperformance.com\/?post_type=product&#038;p=7262"},"modified":"2025-05-07T21:52:03","modified_gmt":"2025-05-07T21:52:03","slug":"storm","status":"publish","type":"product","link":"https:\/\/sassperformance.com\/ro\/produs\/storm\/","title":{"rendered":"Storm"},"content":{"rendered":"<div class=\"ss-row\">\n<div class=\"ss-col\"><strong>RO<\/strong><br \/>\nPlatforma de \u0218asiu Storm &#8211; Baza Perfect\u0103 pentru CLASA OPEN SI EXTREM<br \/>\nPlatforma de \u0218asiu Storm este construit\u0103 pentru a oferi o funda\u021bie solid\u0103 \u0219i fiabil\u0103 vehiculelor off-road, asigur\u00e2nd un echilibru perfect \u00eentre rezisten\u021b\u0103, rigiditate \u0219i greutate redus\u0103. Ideal\u0103 pentru COMPETITII SAU AGREMENT, aceast\u0103 platform\u0103 este conceput\u0103 s\u0103 fac\u0103 fa\u021b\u0103 celor mai dure condi\u021bii, oferindu-\u021bi control total \u0219i siguran\u021b\u0103 maxim\u0103.<br \/>\n\ud83d\udd39 Construc\u021bie de \u00cenalt\u0103 Rezisten\u021b\u0103: Fabricat\u0103 din \u021beava 25CrMo4 din industria motor-sportului de performanta cu profile optimizate pentru a maximiza rigiditatea structural\u0103 f\u0103r\u0103 a ad\u0103uga greutate inutil\u0103.<br \/>\n\ud83d\udd39 Design Modular: U\u0219or de adaptat \u0219i personalizat pentru diferite configura\u021bii, in fuctie de motorizare. Platforma poate accepta mai multe layout de cilindre de la I4 pana la V8, inclusiv I6.<br \/>\n\ud83d\udd39 Flexibilitate Maximizat\u0103: Gata pentru suspensii de \u00eenalt\u0103 performan\u021b\u0103 \u0219i sisteme de trac\u021biune avansate, pentru a-\u021bi duce vehiculul la urm\u0103torul nivel.<br \/>\nTransform\u0103-\u021bi visul off-road \u00een realitate cu Platforma de \u0218asiu Storm &#8211; puterea de care ai nevoie pentru a cuceri orice teren.<\/div>\n<div class=\"ss-col ms-2\"><strong>EN<\/strong><br \/>\nStorm Chassis Platform &#8211; The Perfect Foundation for OPEN AND EXTREME CLASS<br \/>\nThe Storm Chassis Platform is built to provide a solid and reliable foundation for off-road vehicles, ensuring the perfect balance of strength, rigidity, and lightweight performance. Ideal for COMPETITIONS OR RECREATIONAL USE, this platform is designed to withstand the toughest conditions, giving you total control and maximum safety.<br \/>\n\ud83d\udd39 High-Strength Construction: Made from 25CrMo4 tubing, the same material used in high-performance motorsport applications, with optimized profiles to maximize structural rigidity without adding unnecessary weight.<br \/>\n\ud83d\udd39 Modular Design: Easily adaptable and customizable for different configurations, depending on the engine choice. The platform can accommodate multiple cylinder layouts, from I4 to V8, including I6.<br \/>\n\ud83d\udd39 Maximum Flexibility: Ready for high-performance suspension systems and advanced drivetrains, allowing you to take your vehicle to the next level.<br \/>\nTurn your off-road dream into reality with the Storm Chassis Platform \u2013 the power you need to conquer any terrain.<\/div>\n<\/div>","protected":false},"excerpt":{"rendered":"<p>RO Platforma de \u0218asiu Storm &#8211; Baza Perfect\u0103 pentru CLASA OPEN SI EXTREM Platforma de \u0218asiu Storm este construit\u0103 pentru a oferi o funda\u021bie solid\u0103 \u0219i fiabil\u0103 vehiculelor off-road, asigur\u00e2nd un echilibru perfect \u00eentre rezisten\u021b\u0103, rigiditate \u0219i greutate redus\u0103. Ideal\u0103 pentru COMPETITII SAU AGREMENT, aceast\u0103 platform\u0103 este conceput\u0103 s\u0103 fac\u0103 fa\u021b\u0103 celor mai dure condi\u021bii, [&hellip;]<\/p>\n","protected":false},"featured_media":7385,"comment_status":"open","ping_status":"closed","template":"","meta":[],"product_brand":[],"product_cat":[86],"product_tag":[],"class_list":{"0":"post-7262","1":"product","2":"type-product","3":"status-publish","4":"has-post-thumbnail","6":"product_cat-custom-build","8":"first","9":"instock","10":"taxable","11":"shipping-taxable","12":"purchasable","13":"product-type-simple"},"jetpack_sharing_enabled":true,"_links":{"self":[{"href":"https:\/\/sassperformance.com\/ro\/wp-json\/wp\/v2\/product\/7262","targetHints":{"allow":["GET"]}}],"collection":[{"href":"https:\/\/sassperformance.com\/ro\/wp-json\/wp\/v2\/product"}],"about":[{"href":"https:\/\/sassperformance.com\/ro\/wp-json\/wp\/v2\/types\/product"}],"replies":[{"embeddable":true,"href":"https:\/\/sassperformance.com\/ro\/wp-json\/wp\/v2\/comments?post=7262"}],"wp:featuredmedia":[{"embeddable":true,"href":"https:\/\/sassperformance.com\/ro\/wp-json\/wp\/v2\/media\/7385"}],"wp:attachment":[{"href":"https:\/\/sassperformance.com\/ro\/wp-json\/wp\/v2\/media?parent=7262"}],"wp:term":[{"taxonomy":"product_brand","embeddable":true,"href":"https:\/\/sassperformance.com\/ro\/wp-json\/wp\/v2\/product_brand?post=7262"},{"taxonomy":"product_cat","embeddable":true,"href":"https:\/\/sassperformance.com\/ro\/wp-json\/wp\/v2\/product_cat?post=7262"},{"taxonomy":"product_tag","embeddable":true,"href":"https:\/\/sassperformance.com\/ro\/wp-json\/wp\/v2\/product_tag?post=7262"}],"curies":[{"name":"wp","href":"https:\/\/api.w.org\/{rel}","templated":true}]}}