{"id":6935,"date":"2025-03-03T12:08:08","date_gmt":"2025-03-03T12:08:08","guid":{"rendered":"https:\/\/sassperformance.com\/?post_type=product&#038;p=6935"},"modified":"2025-04-08T15:00:08","modified_gmt":"2025-04-08T15:00:08","slug":"praguri-can-am-maverick-r","status":"publish","type":"product","link":"https:\/\/sassperformance.com\/ro\/produs\/praguri-can-am-maverick-r\/","title":{"rendered":"Thresholds Can-Am Maverick R"},"content":{"rendered":"<h3><strong>Protectii praguri Maverick R<\/strong><\/h3>\n<p>Protejeaz\u0103 p\u0103r\u021bile laterale ale construc\u021biei dvs. una l\u00e2ng\u0103 alta, u\u0219oar\u0103 \u0219i durabil\u0103, aliaj de aluminiu 6060 \u00eent\u0103rit cu tratament T5, poate fi folosit ca treapt\u0103 lateral\u0103, finisaj negru, v\u00e2ndut \u00een perechi<\/p>\n<p>B8 Nerf Bars unul l\u00e2ng\u0103 altul<\/p>\n<p>Barele nerf al\u0103turate XRW Racing sunt o pies\u0103 serioas\u0103 de protec\u021bie conceput\u0103 pentru a v\u0103 proteja ma\u0219ina \u0219i poate fi folosit\u0103 \u0219i ca un pas lateral u\u0219or de utilizat. Barele nerf din aluminiu XRW Racing ofer\u0103 protec\u021bie sporit\u0103 \u0219i durabilitate prin construc\u021bia robust\u0103 din aliaj de aluminiu 6060 \u00eent\u0103rit cu un tratament T5. Proteja\u021bi partea inferioar\u0103 a caroseriei dvs. unul l\u00e2ng\u0103 altul \u00eempotriva pietrelor \u0219i a trunchiurilor de copaci care se afl\u0103 \u00een jur, evita\u021bi daunele costisitoare \u0219i face\u021bi ma\u0219ina dvs. s\u0103 arate \u0219i mai sportiv\u0103 \u0219i mai robust\u0103!<\/p>\n<p>&nbsp;<\/p>\n<p>&nbsp;<\/p>\n<p><strong>\u00a0Protejeaz\u0103 p\u0103r\u021bile laterale ale dvs. unul l\u00e2ng\u0103 altul<\/strong><\/p>\n<p>Construc\u021bie robust\u0103, u\u0219oar\u0103 \u0219i durabil\u0103, \u00d8 40&#215;2,5 mm<br \/>\nDin aliaj de aluminiu 6060 \u00eent\u0103rit cu tratament T5<br \/>\nPoate fi folosit ca treapt\u0103 lateral\u0103<br \/>\nFinisaj negru<br \/>\nSe vinde in perechi<br \/>\nFabricat \u00een Europa<\/p>","protected":false},"excerpt":{"rendered":"<p>Protejeaz\u0103 p\u0103r\u021bile laterale ale dvs. unul l\u00e2ng\u0103 altul<\/p>\n<p>Construc\u021bie robust\u0103, u\u0219oar\u0103 \u0219i durabil\u0103, \u00d8 40&#215;2,5 mm<br \/>\nDin aliaj de aluminiu 6060 \u00eent\u0103rit cu tratament T5<br \/>\nPoate fi folosit ca treapt\u0103 lateral\u0103<br \/>\nFinisaj negru<br \/>\nSe vinde in perechi<br \/>\nFabricat \u00een Europa<\/p>","protected":false},"featured_media":7191,"comment_status":"open","ping_status":"closed","template":"","meta":[],"product_brand":[77],"product_cat":[81],"product_tag":[82,83,84],"class_list":{"0":"post-6935","1":"product","2":"type-product","3":"status-publish","4":"has-post-thumbnail","6":"product_brand-sass-performance","7":"product_cat-accessories-ssv","8":"product_tag-accessories-ssv","9":"product_tag-can-am","10":"product_tag-maverik-r","11":"product_shipping_class-colete-sub-30kg","13":"first","14":"instock","15":"taxable","16":"shipping-taxable","17":"purchasable","18":"product-type-simple"},"jetpack_sharing_enabled":true,"_links":{"self":[{"href":"https:\/\/sassperformance.com\/ro\/wp-json\/wp\/v2\/product\/6935","targetHints":{"allow":["GET"]}}],"collection":[{"href":"https:\/\/sassperformance.com\/ro\/wp-json\/wp\/v2\/product"}],"about":[{"href":"https:\/\/sassperformance.com\/ro\/wp-json\/wp\/v2\/types\/product"}],"replies":[{"embeddable":true,"href":"https:\/\/sassperformance.com\/ro\/wp-json\/wp\/v2\/comments?post=6935"}],"wp:featuredmedia":[{"embeddable":true,"href":"https:\/\/sassperformance.com\/ro\/wp-json\/wp\/v2\/media\/7191"}],"wp:attachment":[{"href":"https:\/\/sassperformance.com\/ro\/wp-json\/wp\/v2\/media?parent=6935"}],"wp:term":[{"taxonomy":"product_brand","embeddable":true,"href":"https:\/\/sassperformance.com\/ro\/wp-json\/wp\/v2\/product_brand?post=6935"},{"taxonomy":"product_cat","embeddable":true,"href":"https:\/\/sassperformance.com\/ro\/wp-json\/wp\/v2\/product_cat?post=6935"},{"taxonomy":"product_tag","embeddable":true,"href":"https:\/\/sassperformance.com\/ro\/wp-json\/wp\/v2\/product_tag?post=6935"}],"curies":[{"name":"wp","href":"https:\/\/api.w.org\/{rel}","templated":true}]}}